{"id":7312,"date":"2022-10-05T18:59:02","date_gmt":"2022-10-05T18:59:02","guid":{"rendered":"https:\/\/truiaudiovisuales.es\/?page_id=7312"},"modified":"2023-01-18T09:30:40","modified_gmt":"2023-01-18T09:30:40","slug":"servicios","status":"publish","type":"page","link":"https:\/\/truiaudiovisuales.es\/en\/services\/","title":{"rendered":"Services"},"content":{"rendered":"<div data-elementor-type=\"wp-page\" data-elementor-id=\"7312\" class=\"elementor elementor-7312\">\n\t\t\t\t\t\t\t\t\t<section class=\"elementor-section elementor-top-section elementor-element elementor-element-621b3fb elementor-section-boxed elementor-section-height-default elementor-section-height-default\" data-id=\"621b3fb\" data-element_type=\"section\" data-settings=\"{&quot;background_background&quot;:&quot;classic&quot;}\">\n\t\t\t\t\t\t<div class=\"elementor-container elementor-column-gap-default\">\n\t\t\t\t\t<div class=\"elementor-column elementor-col-100 elementor-top-column elementor-element elementor-element-621b9be\" data-id=\"621b9be\" data-element_type=\"column\">\n\t\t\t<div class=\"elementor-widget-wrap elementor-element-populated\">\n\t\t\t\t\t\t\t\t<div class=\"elementor-element elementor-element-6cbf7c0 elementor-widget elementor-widget-vc_custom_heading\" data-id=\"6cbf7c0\" data-element_type=\"widget\" data-widget_type=\"vc_custom_heading.default\">\n\t\t\t\t<div class=\"elementor-widget-container\">\n\t\t\t<div class=\"vc_custom_heading  consulting_heading_font  text_align_left\" ><h3 style=\"text-align: left;font-weight:700\" class=\"consulting-custom-title\">Structure Rental Service in Majorca\n<\/h3><\/div>\t\t<\/div>\n\t\t\t\t<\/div>\n\t\t\t\t<div class=\"elementor-element elementor-element-621bd6d elementor-widget elementor-widget-text-editor\" data-id=\"621bd6d\" data-element_type=\"widget\" data-widget_type=\"text-editor.default\">\n\t\t\t\t<div class=\"elementor-widget-container\">\n\t\t\t<style>\/*! elementor - v3.7.8 - 02-10-2022 *\/\n.elementor-widget-text-editor.elementor-drop-cap-view-stacked .elementor-drop-cap{background-color:#818a91;color:#fff}.elementor-widget-text-editor.elementor-drop-cap-view-framed .elementor-drop-cap{color:#818a91;border:3px solid;background-color:transparent}.elementor-widget-text-editor:not(.elementor-drop-cap-view-default) .elementor-drop-cap{margin-top:8px}.elementor-widget-text-editor:not(.elementor-drop-cap-view-default) .elementor-drop-cap-letter{width:1em;height:1em}.elementor-widget-text-editor .elementor-drop-cap{float:left;text-align:center;line-height:1;font-size:50px}.elementor-widget-text-editor .elementor-drop-cap-letter{display:inline-block}<\/style>\t\t\t\t<h4><strong>What services do you need?<\/strong><\/h4>\n<p>In the Balearic Islands we are the structures company <span style=\"font-size: inherit;\">with the largest number of integrated services for the organization and staging of events and shows in the Balearic Islands. We have a wide range of products that allow our clients to receive a fully personalized and tailor-made 360\u00ba service.\u00a0<\/span><\/p>\n<p>One of our greatest strengths is our human team made up of professionals specialized in each of the areas, which guarantees the success of all our projects in each of the stages of the process. We approach your projects from a professional, ethical and specialized perspective from start to finish.<\/p>\n<p>Our commitment is your success!<\/p>\n\t\t\t\t\t\t<\/div>\n\t\t\t\t<\/div>\n\t\t\t\t<div class=\"elementor-element elementor-element-621c67c elementor-widget elementor-widget-stm_spacing\" data-id=\"621c67c\" data-element_type=\"widget\" data-widget_type=\"stm_spacing.default\">\n\t\t\t\t<div class=\"elementor-widget-container\">\n\t\t\t<div class=\"stm-spacing\" id=\"stm-spacing-69f6b88250087\"><\/div>\n<script>\n    (function($){\n        \"use strict\";\n        var spacingID = 'stm-spacing-69f6b88250087',\n            lgSpacing = '0',\n            mdSpacing = '0',\n            smSpacing = '40',\n            xsSpacing = '40';\n\n        function stmSpacing() {\n            if ( window.matchMedia(\"(min-width: 1200px)\").matches && lgSpacing ) {\n                $( '#' + spacingID ).css ( \"height\", lgSpacing );\n            } else if ( window.matchMedia(\"(max-width: 1199px) and (min-width: 992px )\").matches && mdSpacing ) {\n                $( '#' + spacingID ).css ( \"height\", mdSpacing );\n            } else if ( window.matchMedia(\"(max-width: 991px) and (min-width: 768px )\").matches && smSpacing ) {\n                $( '#' + spacingID ).css ( \"height\", smSpacing );\n            } else if ( window.matchMedia(\"(max-width: 767px)\").matches && xsSpacing ) {\n                $( '#' + spacingID ).css ( \"height\", xsSpacing );\n            } else {\n                $( '#' + spacingID ).css ( \"height\", \"\" );\n            }\n        }\n\n        $(document).ready(function() {\n            stmSpacing();\n        });\n\n        $(window).resize(function() {\n            stmSpacing();\n        });\n\n    })(jQuery);\n<\/script>\t\t<\/div>\n\t\t\t\t<\/div>\n\t\t\t\t\t<\/div>\n\t\t<\/div>\n\t\t\t\t\t\t\t<\/div>\n\t\t<\/section>\n\t\t\t\t<section class=\"elementor-section elementor-top-section elementor-element elementor-element-544468b4 elementor-section-boxed elementor-section-height-default elementor-section-height-default\" data-id=\"544468b4\" data-element_type=\"section\">\n\t\t\t\t\t\t<div class=\"elementor-container elementor-column-gap-default\">\n\t\t\t\t\t<div class=\"elementor-column elementor-col-50 elementor-top-column elementor-element elementor-element-6ffb04cd\" data-id=\"6ffb04cd\" data-element_type=\"column\">\n\t\t\t<div class=\"elementor-widget-wrap elementor-element-populated\">\n\t\t\t\t\t\t\t\t<div class=\"elementor-element elementor-element-3d39bb26 elementor-widget elementor-widget-stm_info_box\" data-id=\"3d39bb26\" data-element_type=\"widget\" data-widget_type=\"stm_info_box.default\">\n\t\t\t\t<div class=\"elementor-widget-container\">\n\t\t\t<div class=\"info_box elementor-consulting-info-box style_4\">\n\t\t\t\t\t\t\t\t\t<div class=\"info_box_image\">\n\t\t\t\t<img src='https:\/\/truiaudiovisuales.es\/wp-content\/uploads\/2022\/10\/montaje_540.jpg' alt='' \/>\t\t\t<\/div>\n\t\t\t\n\t\t\t<a href=\"#\" class=\"info_box_link\">\n\t\t\t<div class=\"title\">\n\t\t\t\t<h4 class=\"no_stripe\">Assembly<\/h4>\n\t\t\t<\/div>\n\t\t<\/a>\n\t\t<p>Our specialized and qualified assembly team, with extensive expertise in the world of entertainment, provide the guarantee of the result.<\/p>\n<\/div>\n\t\t<\/div>\n\t\t\t\t<\/div>\n\t\t\t\t\t<\/div>\n\t\t<\/div>\n\t\t\t\t<div class=\"elementor-column elementor-col-50 elementor-top-column elementor-element elementor-element-49c4734a\" data-id=\"49c4734a\" data-element_type=\"column\">\n\t\t\t<div class=\"elementor-widget-wrap elementor-element-populated\">\n\t\t\t\t\t\t\t\t<div class=\"elementor-element elementor-element-21817f6e elementor-widget elementor-widget-stm_info_box\" data-id=\"21817f6e\" data-element_type=\"widget\" data-widget_type=\"stm_info_box.default\">\n\t\t\t\t<div class=\"elementor-widget-container\">\n\t\t\t<div class=\"info_box elementor-consulting-info-box style_4\">\n\t\t\t\t\t\t\t\t\t<div class=\"info_box_image\">\n\t\t\t\t<img src='https:\/\/truiaudiovisuales.es\/wp-content\/uploads\/2022\/10\/asesoramiento_540.jpg' alt='' \/>\t\t\t<\/div>\n\t\t\t\n\t\t\t<a href=\"#\" class=\"info_box_link\">\n\t\t\t<div class=\"title\">\n\t\t\t\t<h4 class=\"no_stripe\">Advice<\/h4>\n\t\t\t<\/div>\n\t\t<\/a>\n\t\t<p>We are the company with the most experience in the sector in the Balearic Islands. We have an expert commercial team that advises you and helps you in making decisions.<\/p>\n<\/div>\n\t\t<\/div>\n\t\t\t\t<\/div>\n\t\t\t\t\t<\/div>\n\t\t<\/div>\n\t\t\t\t\t\t\t<\/div>\n\t\t<\/section>\n\t\t\t\t<section class=\"elementor-section elementor-top-section elementor-element elementor-element-f726647 elementor-section-boxed elementor-section-height-default elementor-section-height-default\" data-id=\"f726647\" data-element_type=\"section\">\n\t\t\t\t\t\t<div class=\"elementor-container elementor-column-gap-default\">\n\t\t\t\t\t<div class=\"elementor-column elementor-col-50 elementor-top-column elementor-element elementor-element-b920af0\" data-id=\"b920af0\" data-element_type=\"column\">\n\t\t\t<div class=\"elementor-widget-wrap elementor-element-populated\">\n\t\t\t\t\t\t\t\t<div class=\"elementor-element elementor-element-40e6761 elementor-widget elementor-widget-stm_info_box\" data-id=\"40e6761\" data-element_type=\"widget\" data-widget_type=\"stm_info_box.default\">\n\t\t\t\t<div class=\"elementor-widget-container\">\n\t\t\t<div class=\"info_box elementor-consulting-info-box style_4\">\n\t\t\t\t\t\t\t\t\t<div class=\"info_box_image\">\n\t\t\t\t<img src='https:\/\/truiaudiovisuales.es\/wp-content\/uploads\/2022\/10\/implementacion-540x480-1.jpg' alt='' \/>\t\t\t<\/div>\n\t\t\t\n\t\t\t<a href=\"#\" class=\"info_box_link\">\n\t\t\t<div class=\"title\">\n\t\t\t\t<h4 class=\"no_stripe\">Implementation<\/h4>\n\t\t\t<\/div>\n\t\t<\/a>\n\t\t<p>We have a Department of Graphic Design and Planimetry to carry out assembly implementations for all kinds of events, both in 2D and 3D plans, which allows us to realistically visualize the results of our projects.\u00a0<\/p>\n<\/div>\n\t\t<\/div>\n\t\t\t\t<\/div>\n\t\t\t\t\t<\/div>\n\t\t<\/div>\n\t\t\t\t<div class=\"elementor-column elementor-col-50 elementor-top-column elementor-element elementor-element-d39da41\" data-id=\"d39da41\" data-element_type=\"column\">\n\t\t\t<div class=\"elementor-widget-wrap elementor-element-populated\">\n\t\t\t\t\t\t\t\t<div class=\"elementor-element elementor-element-680e3c4 elementor-widget elementor-widget-stm_info_box\" data-id=\"680e3c4\" data-element_type=\"widget\" data-widget_type=\"stm_info_box.default\">\n\t\t\t\t<div class=\"elementor-widget-container\">\n\t\t\t<div class=\"info_box elementor-consulting-info-box style_4\">\n\t\t\t\t\t\t\t\t\t<div class=\"info_box_image\">\n\t\t\t\t<img src='https:\/\/truiaudiovisuales.es\/wp-content\/uploads\/2022\/10\/gestion_540.jpg' alt='' \/>\t\t\t<\/div>\n\t\t\t\n\t\t\t<a href=\"#\" class=\"info_box_link\">\n\t\t\t<div class=\"title\">\n\t\t\t\t<h4 class=\"no_stripe\">Management<\/h4>\n\t\t\t<\/div>\n\t\t<\/a>\n\t\t<p>We carry out all the required studies in terms of structures. We analyze the resistance, loads, weight and everything related to regulations to guarantee the safety of our assemblies.<\/p>\n<\/div>\n\t\t<\/div>\n\t\t\t\t<\/div>\n\t\t\t\t\t<\/div>\n\t\t<\/div>\n\t\t\t\t\t\t\t<\/div>\n\t\t<\/section>\n\t\t\t\t<section class=\"elementor-section elementor-top-section elementor-element elementor-element-1ba3a14 elementor-section-boxed elementor-section-height-default elementor-section-height-default\" data-id=\"1ba3a14\" data-element_type=\"section\">\n\t\t\t\t\t\t<div class=\"elementor-container elementor-column-gap-default\">\n\t\t\t\t\t<div class=\"elementor-column elementor-col-50 elementor-top-column elementor-element elementor-element-24f5c7c\" data-id=\"24f5c7c\" data-element_type=\"column\">\n\t\t\t<div class=\"elementor-widget-wrap elementor-element-populated\">\n\t\t\t\t\t\t\t\t<div class=\"elementor-element elementor-element-ff8b6d8 elementor-widget elementor-widget-stm_info_box\" data-id=\"ff8b6d8\" data-element_type=\"widget\" data-widget_type=\"stm_info_box.default\">\n\t\t\t\t<div class=\"elementor-widget-container\">\n\t\t\t<div class=\"info_box elementor-consulting-info-box style_4\">\n\t\t\t\t\t\t\t\t\t<div class=\"info_box_image\">\n\t\t\t\t<img src='https:\/\/truiaudiovisuales.es\/wp-content\/uploads\/2022\/10\/alquiler-540x480-1.jpg' alt='' \/>\t\t\t<\/div>\n\t\t\t\n\t\t\t<a href=\"#\" class=\"info_box_link\">\n\t\t\t<div class=\"title\">\n\t\t\t\t<h4 class=\"no_stripe\">Renting<\/h4>\n\t\t\t<\/div>\n\t\t<\/a>\n\t\t<p>Our core service is the rental of structures, including assembly, maintenance and disassembly throughout the Balearic Archipelago.\u00a0<\/p>\n<\/div>\n\t\t<\/div>\n\t\t\t\t<\/div>\n\t\t\t\t\t<\/div>\n\t\t<\/div>\n\t\t\t\t<div class=\"elementor-column elementor-col-50 elementor-top-column elementor-element elementor-element-5927a16\" data-id=\"5927a16\" data-element_type=\"column\">\n\t\t\t<div class=\"elementor-widget-wrap elementor-element-populated\">\n\t\t\t\t\t\t\t\t<div class=\"elementor-element elementor-element-2beb5ac elementor-widget elementor-widget-stm_info_box\" data-id=\"2beb5ac\" data-element_type=\"widget\" data-widget_type=\"stm_info_box.default\">\n\t\t\t\t<div class=\"elementor-widget-container\">\n\t\t\t<div class=\"info_box elementor-consulting-info-box style_4\">\n\t\t\t\t\t\t\t\t\t<div class=\"info_box_image\">\n\t\t\t\t<img src='https:\/\/truiaudiovisuales.es\/wp-content\/uploads\/2022\/10\/venta_540.jpg' alt='' \/>\t\t\t<\/div>\n\t\t\t\n\t\t\t<a href=\"#\" class=\"info_box_link\">\n\t\t\t<div class=\"title\">\n\t\t\t\t<h4 class=\"no_stripe\">Sale<\/h4>\n\t\t\t<\/div>\n\t\t<\/a>\n\t\t<p>Our close relationship with the most recognized brands in the market allows us to make available to our clients the possibility of buying structures for their business and access to countless options that fit their needs.\u00a0<\/p>\n<\/div>\n\t\t<\/div>\n\t\t\t\t<\/div>\n\t\t\t\t\t<\/div>\n\t\t<\/div>\n\t\t\t\t\t\t\t<\/div>\n\t\t<\/section>\n\t\t\t\t\t\t\t<\/div>","protected":false},"excerpt":{"rendered":"<p>Servicio de Alquiler de Estructuras en Mallorca \u00bfQu\u00e9 Servicios Necesitas? En Baleares Somos la empresa de estructuras con el mayor n\u00famero de servicios integrados para la organizaci\u00f3n y montaje de eventos y espect\u00e1culos en el territorio Balear. Contamos con una amplia gama de productos que le permiten a nuestros clientes recibir un servicio 360\u00ba totalmente<\/p>","protected":false},"author":1,"featured_media":0,"parent":0,"menu_order":0,"comment_status":"closed","ping_status":"closed","template":"","meta":{"om_disable_all_campaigns":false,"_mi_skip_tracking":false,"_monsterinsights_sitenote_active":false,"_monsterinsights_sitenote_note":"","_monsterinsights_sitenote_category":0},"aioseo_notices":[],"_links":{"self":[{"href":"https:\/\/truiaudiovisuales.es\/en\/wp-json\/wp\/v2\/pages\/7312"}],"collection":[{"href":"https:\/\/truiaudiovisuales.es\/en\/wp-json\/wp\/v2\/pages"}],"about":[{"href":"https:\/\/truiaudiovisuales.es\/en\/wp-json\/wp\/v2\/types\/page"}],"author":[{"embeddable":true,"href":"https:\/\/truiaudiovisuales.es\/en\/wp-json\/wp\/v2\/users\/1"}],"replies":[{"embeddable":true,"href":"https:\/\/truiaudiovisuales.es\/en\/wp-json\/wp\/v2\/comments?post=7312"}],"version-history":[{"count":34,"href":"https:\/\/truiaudiovisuales.es\/en\/wp-json\/wp\/v2\/pages\/7312\/revisions"}],"predecessor-version":[{"id":7954,"href":"https:\/\/truiaudiovisuales.es\/en\/wp-json\/wp\/v2\/pages\/7312\/revisions\/7954"}],"wp:attachment":[{"href":"https:\/\/truiaudiovisuales.es\/en\/wp-json\/wp\/v2\/media?parent=7312"}],"curies":[{"name":"wp","href":"https:\/\/api.w.org\/{rel}","templated":true}]}}