{"id":8069,"date":"2023-03-21T17:53:36","date_gmt":"2023-03-21T17:53:36","guid":{"rendered":"https:\/\/truiaudiovisuales.es\/?page_id=8069"},"modified":"2023-03-21T18:08:05","modified_gmt":"2023-03-21T18:08:05","slug":"iluminacion","status":"publish","type":"page","link":"https:\/\/truiaudiovisuales.es\/en\/lightning\/","title":{"rendered":"Lightning"},"content":{"rendered":"<div data-elementor-type=\"wp-page\" data-elementor-id=\"8069\" class=\"elementor elementor-8069\">\n\t\t\t\t\t\t\t\t\t<section class=\"elementor-section elementor-top-section elementor-element elementor-element-755b5491 elementor-section-boxed elementor-section-height-default elementor-section-height-default\" data-id=\"755b5491\" data-element_type=\"section\">\n\t\t\t\t\t\t<div class=\"elementor-container elementor-column-gap-default\">\n\t\t\t\t\t<div class=\"elementor-column elementor-col-100 elementor-top-column elementor-element elementor-element-67faee00\" data-id=\"67faee00\" data-element_type=\"column\">\n\t\t\t<div class=\"elementor-widget-wrap elementor-element-populated\">\n\t\t\t\t\t\t\t\t<div class=\"elementor-element elementor-element-41a0d519 elementor-widget elementor-widget-text-editor\" data-id=\"41a0d519\" data-element_type=\"widget\" data-widget_type=\"text-editor.default\">\n\t\t\t\t<div class=\"elementor-widget-container\">\n\t\t\t<style>\/*! elementor - v3.7.8 - 02-10-2022 *\/\n.elementor-widget-text-editor.elementor-drop-cap-view-stacked .elementor-drop-cap{background-color:#818a91;color:#fff}.elementor-widget-text-editor.elementor-drop-cap-view-framed .elementor-drop-cap{color:#818a91;border:3px solid;background-color:transparent}.elementor-widget-text-editor:not(.elementor-drop-cap-view-default) .elementor-drop-cap{margin-top:8px}.elementor-widget-text-editor:not(.elementor-drop-cap-view-default) .elementor-drop-cap-letter{width:1em;height:1em}.elementor-widget-text-editor .elementor-drop-cap{float:left;text-align:center;line-height:1;font-size:50px}.elementor-widget-text-editor .elementor-drop-cap-letter{display:inline-block}<\/style>\t\t\t\t<p><!-- wp:paragraph --><\/p>\n<p><span style=\"font-weight: 400;\">At Trui Audiovisuales we offer lighting services for video productions, live events and architecture. We have a team of highly trained professionals with extensive experience in all aspects of lighting.<\/span><\/p>\n<p>\u00a0<\/p>\n<p><span style=\"font-weight: 400;\">Lighting Design: We offer lighting design services for video productions, live events, and architecture. Our lighting design team specializes in creating visually striking and functional environments using a wide variety of lighting options. We use advanced techniques to create warm and welcoming environments, or to effectively highlight objects or spaces.<\/span><\/p>\n<p>\u00a0<\/p>\n<p><span style=\"font-weight: 400;\">Event lighting: We offer lighting services for live events, from weddings and concerts to fairs and congresses. Our lighting team is a specialist in creating impressive visual environments and in adapting to different environments and styles.<\/span><\/p>\n<p>\u00a0<\/p>\n<p><span style=\"font-weight: 400;\">Architectural Lighting: We offer architectural lighting services to enhance the beauty and functionality of buildings and structures. We use advanced lighting techniques to highlight a building&#039;s architectural features or to create comfortable and safe working or living environments.<\/span><\/p>\n<p>\u00a0<\/p>\n<p><span style=\"font-weight: 400;\">Installation: We offer lighting installation services for video productions, live events, and architecture. Our installation team are specialists in the installation of complex lighting systems and in the configuration of lighting control devices and software.<\/span><\/p>\n<\/p>\n<p><span style=\"font-weight: 400;\">In short, we offer comprehensive lighting services for video productions, live events, and architecture. We have a team of highly trained professionals with extensive experience in all aspects of lighting. We work closely with our clients to understand their needs and make sure their project is a success. If you are looking for high quality lighting services, Trui Audiovisuales is the best option. We offer a personalized service, from planning to installation and maintenance, to ensure that our clients obtain the desired result in all their productions and events. In addition to providing aesthetic lighting, we also focus on functionality and safety, ensuring spaces are safe and comfortable for users.<\/span><\/p>\n<p><!-- \/wp:paragraph --><\/p>\n\t\t\t\t\t\t<\/div>\n\t\t\t\t<\/div>\n\t\t\t\t\t<\/div>\n\t\t<\/div>\n\t\t\t\t\t\t\t<\/div>\n\t\t<\/section>\n\t\t\t\t\t\t\t<\/div>","protected":false},"excerpt":{"rendered":"<p>En Trui Audiovisuales ofrecemos servicios de iluminaci\u00f3n para producciones de video, eventos en vivo y arquitectura. Contamos con un equipo de profesionales altamente capacitados y con amplia experiencia en todos los aspectos de la iluminaci\u00f3n. \u00a0 Dise\u00f1o de iluminaci\u00f3n: Ofrecemos servicios de dise\u00f1o de iluminaci\u00f3n para producciones de video, eventos en vivo y arquitectura. Nuestro<\/p>","protected":false},"author":1,"featured_media":0,"parent":0,"menu_order":0,"comment_status":"closed","ping_status":"closed","template":"","meta":{"om_disable_all_campaigns":false,"_mi_skip_tracking":false,"_monsterinsights_sitenote_active":false,"_monsterinsights_sitenote_note":"","_monsterinsights_sitenote_category":0},"aioseo_notices":[],"_links":{"self":[{"href":"https:\/\/truiaudiovisuales.es\/en\/wp-json\/wp\/v2\/pages\/8069"}],"collection":[{"href":"https:\/\/truiaudiovisuales.es\/en\/wp-json\/wp\/v2\/pages"}],"about":[{"href":"https:\/\/truiaudiovisuales.es\/en\/wp-json\/wp\/v2\/types\/page"}],"author":[{"embeddable":true,"href":"https:\/\/truiaudiovisuales.es\/en\/wp-json\/wp\/v2\/users\/1"}],"replies":[{"embeddable":true,"href":"https:\/\/truiaudiovisuales.es\/en\/wp-json\/wp\/v2\/comments?post=8069"}],"version-history":[{"count":4,"href":"https:\/\/truiaudiovisuales.es\/en\/wp-json\/wp\/v2\/pages\/8069\/revisions"}],"predecessor-version":[{"id":8082,"href":"https:\/\/truiaudiovisuales.es\/en\/wp-json\/wp\/v2\/pages\/8069\/revisions\/8082"}],"wp:attachment":[{"href":"https:\/\/truiaudiovisuales.es\/en\/wp-json\/wp\/v2\/media?parent=8069"}],"curies":[{"name":"wp","href":"https:\/\/api.w.org\/{rel}","templated":true}]}}